{"id":2503,"date":"2016-08-17T06:23:27","date_gmt":"2016-08-17T06:23:27","guid":{"rendered":"http:\/\/evideo.elearning.ubbcluj.ro\/?page_id=2503"},"modified":"2016-11-28T14:22:31","modified_gmt":"2016-11-28T14:22:31","slug":"e-liada-suportui-de-curs","status":"publish","type":"page","link":"https:\/\/video.elearning.ubbcluj.ro\/?page_id=2503","title":{"rendered":"e-LIADA Suportui de curs"},"content":{"rendered":"<p style=\"text-align: center;\"><em>Stima\u021bi elevi, Stima\u021bi cursan\u021bi, Stima\u021bi studen\u021bi<br \/>\n<\/em><\/p>\n<p><em>Materialele\u00a0 puse la dispozi\u021bia dumneavoastr\u0103 pe aceast\u0103 pagin\u0103 web au fost realizate \u00een cadrul proiectului e-LIADA (e-Learning eficient, Individualizat \u0219i Adaptiv pentru \u00eenv\u0103\u021b\u0103m\u00e2nt la distan\u021b\u0103) implementat de Universitatea Babe\u0219-Bolyai din Cluj-Napoca \u00een perioada 2014-2015. <\/em><\/p>\n<p><em>Ve\u021bi reg\u0103si o palet\u0103 larg\u0103 de cursuri din domeniul studiilor economice realizate pentru \u00eenv\u0103\u021b\u0103m\u00e2ntul la distan\u021b\u0103.<\/em><\/p>\n<p><em>Accesul la aceste materiale este gratuit. Mai jos se afl\u0103 lista cursurilor disponibile.<br \/>\n<\/em><\/p>\n<ul>\n<li><a href=\"https:\/\/video.elearning.ubbcluj.ro\/wp-content\/uploads\/2016\/08\/Asigurari-Generale.pdf\">Asigurari Generale<\/a><\/li>\n<\/ul>\n<ul>\n<li><a href=\"https:\/\/video.elearning.ubbcluj.ro\/wp-content\/uploads\/2016\/10\/Asigurari-componenta-de-viata.pdf\">Asigurari-componenta de viata<\/a><\/li>\n<\/ul>\n<ul>\n<li>Baze de date si programare<\/li>\n<\/ul>\n<ul>\n<li><a href=\"https:\/\/video.elearning.ubbcluj.ro\/wp-content\/uploads\/2016\/10\/Bonaci_Carmen_Bazele_Contabilitatii.pdf\">Bazele contabilitatii<\/a><\/li>\n<\/ul>\n<ul>\n<li><a href=\"https:\/\/video.elearning.ubbcluj.ro\/wp-content\/uploads\/2016\/10\/Cercetari_de_marketing.pdf\">Cercetari de marketing<\/a><\/li>\n<\/ul>\n<ul>\n<li><a href=\"https:\/\/video.elearning.ubbcluj.ro\/wp-content\/uploads\/2016\/08\/Contabilitate-financiar\u0103.pdf\">Contabilitate Financiara<\/a><\/li>\n<\/ul>\n<ul>\n<li><a href=\"https:\/\/video.elearning.ubbcluj.ro\/wp-content\/uploads\/2016\/10\/Golub-Dreptul-Insolventei.pdf\">Dreptul insolventei<\/a><\/li>\n<\/ul>\n<ul>\n<li><a href=\"https:\/\/video.elearning.ubbcluj.ro\/wp-content\/uploads\/2016\/08\/Eschatologie.pdf\">Eschatologie<\/a><\/li>\n<\/ul>\n<ul>\n<li><a href=\"https:\/\/video.elearning.ubbcluj.ro\/wp-content\/uploads\/2016\/08\/Etica-si-legislate-in-CRP.pdf\">Etica si legislate in CRP<\/a><\/li>\n<\/ul>\n<ul>\n<li><a href=\"https:\/\/video.elearning.ubbcluj.ro\/wp-content\/uploads\/2016\/08\/Finante-Publice.pdf\">Finante Publice<\/a><\/li>\n<\/ul>\n<ul>\n<li><a href=\"https:\/\/video.elearning.ubbcluj.ro\/wp-content\/uploads\/2016\/10\/Finantele_Firmei.pdf\">Finantele Firmei<\/a><\/li>\n<\/ul>\n<ul>\n<li>Informatica economica<\/li>\n<\/ul>\n<ul>\n<li><a href=\"https:\/\/video.elearning.ubbcluj.ro\/wp-content\/uploads\/2016\/08\/Introducere-\u00een-\u0219tiin\u021ba-comunic\u0103rii-\u0219i-a-rela\u021biilor-publice-Calin-Rus.pdf\">Introducere \u00een \u0219tiin\u021ba comunic\u0103rii \u0219i a rela\u021biilor publice <\/a><\/li>\n<\/ul>\n<ul>\n<li><a href=\"https:\/\/video.elearning.ubbcluj.ro\/wp-content\/uploads\/2016\/08\/Logistic\u0103.pdf\">Logistic\u0103<\/a><\/li>\n<\/ul>\n<ul>\n<li><a href=\"https:\/\/video.elearning.ubbcluj.ro\/wp-content\/uploads\/2016\/10\/Strategii-de-Marketing.pdf\">Marketingul Serviciilor<\/a><\/li>\n<\/ul>\n<ul>\n<li><a href=\"https:\/\/video.elearning.ubbcluj.ro\/wp-content\/uploads\/2016\/08\/Management.pdf\">Management<\/a><\/li>\n<\/ul>\n<ul>\n<li><a href=\"https:\/\/video.elearning.ubbcluj.ro\/wp-content\/uploads\/2016\/08\/Managementul-achizitiilor.pdf\">Managementul achizitiilor<\/a><\/li>\n<\/ul>\n<ul>\n<li><a href=\"https:\/\/video.elearning.ubbcluj.ro\/wp-content\/uploads\/2016\/10\/Nistor_Razvan_MANAGEMENTUL_PROIECTELOR.pdf\">Managementul proiectelor SC<\/a><\/li>\n<\/ul>\n<ul>\n<li><a href=\"https:\/\/video.elearning.ubbcluj.ro\/wp-content\/uploads\/2016\/10\/Microeconomie-Jula-Octavian.pdf\">Microeconomie<\/a><\/li>\n<\/ul>\n<ul>\n<li><a href=\"https:\/\/video.elearning.ubbcluj.ro\/wp-content\/uploads\/2016\/10\/PEMRT_Botezan_Camelia.pdf\">PEMRT<\/a><\/li>\n<\/ul>\n<ul>\n<li><a href=\"https:\/\/video.elearning.ubbcluj.ro\/wp-content\/uploads\/2016\/08\/Principiile-marketingului.pdf\">Principiile marketingului<\/a><\/li>\n<\/ul>\n<ul>\n<li><a href=\"https:\/\/video.elearning.ubbcluj.ro\/wp-content\/uploads\/2016\/10\/PSIHOLOGIE_CLINICA_SI_PSIHOTERAPIE_-_sigle_ELIADA.pdf\">Psihologie Clinica<\/a><\/li>\n<\/ul>\n<ul>\n<li>RLS-RLNM<\/li>\n<\/ul>\n<ul>\n<li><a href=\"https:\/\/video.elearning.ubbcluj.ro\/wp-content\/uploads\/2016\/08\/Statistica-descriptiva.pdf\">Statistica descriptiva<\/a><\/li>\n<\/ul>\n<ul>\n<li><a href=\"https:\/\/video.elearning.ubbcluj.ro\/wp-content\/uploads\/2016\/10\/Targuri-si-expozitii.pdf\">Targuri si expozitii<\/a><\/li>\n<\/ul>\n<ul>\n<li><a href=\"https:\/\/video.elearning.ubbcluj.ro\/wp-content\/uploads\/2016\/08\/Tenis-de-camp-teorie-si-practica.pdf\">Tenis de camp<\/a><\/li>\n<\/ul>\n<ul>\n<li><a href=\"https:\/\/video.elearning.ubbcluj.ro\/wp-content\/uploads\/2016\/08\/Tenis-de-masa-teorie-si-practica.pdf\">Tenis de masa<\/a><\/li>\n<\/ul>\n<p>&nbsp;<\/p>\n","protected":false},"excerpt":{"rendered":"<p>Stima\u021bi elevi, Stima\u021bi cursan\u021bi, Stima\u021bi studen\u021bi Materialele\u00a0 puse la dispozi\u021bia [&hellip;]<\/p>\n","protected":false},"author":4,"featured_media":0,"parent":0,"menu_order":0,"comment_status":"open","ping_status":"open","template":"","meta":{"__cvm_playback_settings":[],"__cvm_video_id":"","footnotes":""},"_links":{"self":[{"href":"https:\/\/video.elearning.ubbcluj.ro\/index.php?rest_route=\/wp\/v2\/pages\/2503"}],"collection":[{"href":"https:\/\/video.elearning.ubbcluj.ro\/index.php?rest_route=\/wp\/v2\/pages"}],"about":[{"href":"https:\/\/video.elearning.ubbcluj.ro\/index.php?rest_route=\/wp\/v2\/types\/page"}],"author":[{"embeddable":true,"href":"https:\/\/video.elearning.ubbcluj.ro\/index.php?rest_route=\/wp\/v2\/users\/4"}],"replies":[{"embeddable":true,"href":"https:\/\/video.elearning.ubbcluj.ro\/index.php?rest_route=%2Fwp%2Fv2%2Fcomments&post=2503"}],"version-history":[{"count":8,"href":"https:\/\/video.elearning.ubbcluj.ro\/index.php?rest_route=\/wp\/v2\/pages\/2503\/revisions"}],"predecessor-version":[{"id":2574,"href":"https:\/\/video.elearning.ubbcluj.ro\/index.php?rest_route=\/wp\/v2\/pages\/2503\/revisions\/2574"}],"wp:attachment":[{"href":"https:\/\/video.elearning.ubbcluj.ro\/index.php?rest_route=%2Fwp%2Fv2%2Fmedia&parent=2503"}],"curies":[{"name":"wp","href":"https:\/\/api.w.org\/{rel}","templated":true}]}}