{"id":2500,"date":"2016-08-17T06:20:37","date_gmt":"2016-08-17T06:20:37","guid":{"rendered":"http:\/\/evideo.elearning.ubbcluj.ro\/?page_id=2500"},"modified":"2016-09-30T17:18:35","modified_gmt":"2016-09-30T17:18:35","slug":"rlnm-materiale-didactice","status":"publish","type":"page","link":"https:\/\/video.elearning.ubbcluj.ro\/?page_id=2500","title":{"rendered":"RLNM &#8211; Materiale Didactice"},"content":{"rendered":"<p style=\"text-align: center;\"><em>Stima\u021bi profesori,<\/em><\/p>\n<p><em>Materialele didactice puse la dispozi\u021bia dumneavoastr\u0103 pe aceast\u0103 pagin\u0103 au fost realizate \u00een cadrul proiectului RLNM implementat de Universitatea Babe\u0219-Bolyai din Cluj-Napoca \u00een perioada 2010-2014. <\/em><\/p>\n<p><em>Accesul la aceste materiale este gratuit. <\/em><\/p>\n<p><em>N\u0103d\u0103jduim ca materialele didactice oferite dumneavoastr\u0103 prin intermediul acestei pagini web s\u0103 v\u0103 faciliteze activitatea didactic\u0103 \u0219i s\u0103 v\u0103 dea posibilitatea, mai mult ca p\u00e2n\u0103 acum, de a oferi elevilor dumneavoastr\u0103 o experien\u021b\u0103 didactic\u0103 \u0219i formativ\u0103 inovativ\u0103, guvernat\u0103 de viziunea pozitiv-creativ\u0103 propus\u0103 prin proiectul RLNM. Sper\u0103m ca at\u00e2t dumneavoastr\u0103, c\u00e2t \u0219i elevii dumneavoastr\u0103 s\u0103 fi\u021bi de acord c\u0103 limba rom\u00e2n\u0103 se poate \u00eenv\u0103\u021ba eficient \u0219i altfel, apel\u00e2nd la aceast\u0103 manier\u0103 ludic\u0103 \u0219i extrem de atractiv\u0103 nu doar \u00een \u201es\u0103pt\u0103m\u00e2na altfel\u201d, ci la fiecare lec\u021bie.<br \/>\n<\/em><\/p>\n<p>Ve\u021bi reg\u0103si mai jos o list\u0103 cu materialele dedicate acestei sec\u021biuni.<\/p>\n<p>&nbsp;<\/p>\n<p>ISBN 978-606-17-0072-1 &#8211;<a href=\"https:\/\/video.elearning.ubbcluj.ro\/wp-content\/uploads\/2016\/08\/P1_editura.pdf\"> \u00a0 P1 &#8211; Procesul de predare-\u00eenv\u0103\u0163are a limbii rom\u00e2ne ca limb\u0103 nematern\u0103 (RLNM) la ciclul primar<\/a><\/p>\n<p>ISBN 978-606-17-0073-8 &#8211;<a href=\"https:\/\/video.elearning.ubbcluj.ro\/wp-content\/uploads\/2016\/08\/P2_editura.pdf\">\u00a0 P2 &#8211; Procesul de predare-\u00eenv\u0103\u0163are a limbii rom\u00e2ne ca limb\u0103 nematern\u0103 (RLNM) la ciclul gimnazial<\/a><\/p>\n<p>ISBN 978-606-17-0074-5 &#8211;<a href=\"https:\/\/video.elearning.ubbcluj.ro\/wp-content\/uploads\/2016\/08\/P3_editura.pdf\">\u00a0 P3 &#8211; Procesul de predare-\u00eenv\u0103\u0163are a limbii rom\u00e2ne ca limb\u0103 nematern\u0103 (RLNM) la ciclul liceal<\/a><\/p>\n<p>ISBN 978-606-17-0075-2 &#8211;<a href=\"https:\/\/video.elearning.ubbcluj.ro\/wp-content\/uploads\/2016\/08\/P4_editura.pdf\">\u00a0 P4 &#8211; Procesul de evaluare a limbii rom\u00e2ne ca limb\u0103 nematern\u0103 (RLNM) la ciclul primar<\/a><\/p>\n<p>ISBN 978-606-17-0076-9 &#8211;<a href=\"https:\/\/video.elearning.ubbcluj.ro\/wp-content\/uploads\/2016\/08\/P5_editura.pdf\">\u00a0 P5 &#8211; Procesul de evaluare a limbii rom\u00e2ne ca limb\u0103 nematern\u0103 (RLNM) la ciclul gimnazial<\/a><\/p>\n<p>ISBN 978-606-17-0077-6 &#8211;<a href=\"https:\/\/video.elearning.ubbcluj.ro\/wp-content\/uploads\/2016\/08\/P6_editura.pdf\">\u00a0 P6 &#8211; Procesul de evaluare a limbii rom\u00e2ne ca limb\u0103 nematern\u0103 (RLNM) la ciclul liceal<\/a><\/p>\n<p>P7 &#8211;<\/p>\n<p><a href=\"https:\/\/video.elearning.ubbcluj.ro\/wp-content\/uploads\/2016\/09\/Descrierea-minimala-a-limbii-romane-12-IULIE-2016.pdf\">Descrierea minimal\u0103 a limbii rom\u00e2ne (A1, A2, B1, B2) \u2013 un instrument lingvistic necesar \u00een domeniul RLS\/RLNM<\/a><\/p>\n","protected":false},"excerpt":{"rendered":"<p>Stima\u021bi profesori, Materialele didactice puse la dispozi\u021bia dumneavoastr\u0103 pe aceast\u0103 [&hellip;]<\/p>\n","protected":false},"author":4,"featured_media":0,"parent":0,"menu_order":0,"comment_status":"open","ping_status":"open","template":"","meta":{"__cvm_playback_settings":[],"__cvm_video_id":"","footnotes":""},"_links":{"self":[{"href":"https:\/\/video.elearning.ubbcluj.ro\/index.php?rest_route=\/wp\/v2\/pages\/2500"}],"collection":[{"href":"https:\/\/video.elearning.ubbcluj.ro\/index.php?rest_route=\/wp\/v2\/pages"}],"about":[{"href":"https:\/\/video.elearning.ubbcluj.ro\/index.php?rest_route=\/wp\/v2\/types\/page"}],"author":[{"embeddable":true,"href":"https:\/\/video.elearning.ubbcluj.ro\/index.php?rest_route=\/wp\/v2\/users\/4"}],"replies":[{"embeddable":true,"href":"https:\/\/video.elearning.ubbcluj.ro\/index.php?rest_route=%2Fwp%2Fv2%2Fcomments&post=2500"}],"version-history":[{"count":6,"href":"https:\/\/video.elearning.ubbcluj.ro\/index.php?rest_route=\/wp\/v2\/pages\/2500\/revisions"}],"predecessor-version":[{"id":2549,"href":"https:\/\/video.elearning.ubbcluj.ro\/index.php?rest_route=\/wp\/v2\/pages\/2500\/revisions\/2549"}],"wp:attachment":[{"href":"https:\/\/video.elearning.ubbcluj.ro\/index.php?rest_route=%2Fwp%2Fv2%2Fmedia&parent=2500"}],"curies":[{"name":"wp","href":"https:\/\/api.w.org\/{rel}","templated":true}]}}