{"id":1768,"date":"2016-07-20T08:56:18","date_gmt":"2016-07-20T08:56:18","guid":{"rendered":"http:\/\/evideo.elearning.ubbcluj.ro\/?page_id=1768"},"modified":"2016-07-20T08:56:18","modified_gmt":"2016-07-20T08:56:18","slug":"sfaturi-pentru-o-alimentatie-sanatoasa","status":"publish","type":"page","link":"https:\/\/video.elearning.ubbcluj.ro\/?page_id=1768","title":{"rendered":"Sfaturi pentru o alimenta\u021bie s\u0103natoas\u0103"},"content":{"rendered":"<p style=\"text-align: center;\"><strong> SANATATE<\/strong><\/p>\n<p style=\"text-align: center;\">SFATURI PENTRU O ALIMENTATIE SANATOASA<\/p>\n<div class=\"video-shortcode\"><iframe title=\"02_MancareBauturaB2_SFATURI\" src=\"https:\/\/player.vimeo.com\/video\/146100919?dnt=1&amp;app_id=122963\" width=\"1200\" height=\"675\" frameborder=\"0\" allow=\"autoplay; fullscreen; picture-in-picture\"><\/iframe><\/div>\n<p>Fisa de lucru Nr. 1 se poate accesa <a href=\"https:\/\/video.elearning.ubbcluj.ro\/wp-content\/uploads\/2016\/06\/FiseEVRO\/B2,Fi\u0219\u0103-Sfaturipentruoalimenta\u021bies\u0103n\u0103toas\u0103.pdf\">AICI<\/a>.<\/p>\n","protected":false},"excerpt":{"rendered":"<p>SANATATE SFATURI PENTRU O ALIMENTATIE SANATOASA Fisa de lucru Nr. [&hellip;]<\/p>\n","protected":false},"author":4,"featured_media":0,"parent":0,"menu_order":0,"comment_status":"open","ping_status":"open","template":"","meta":{"__cvm_playback_settings":[],"__cvm_video_id":"","footnotes":""},"_links":{"self":[{"href":"https:\/\/video.elearning.ubbcluj.ro\/index.php?rest_route=\/wp\/v2\/pages\/1768"}],"collection":[{"href":"https:\/\/video.elearning.ubbcluj.ro\/index.php?rest_route=\/wp\/v2\/pages"}],"about":[{"href":"https:\/\/video.elearning.ubbcluj.ro\/index.php?rest_route=\/wp\/v2\/types\/page"}],"author":[{"embeddable":true,"href":"https:\/\/video.elearning.ubbcluj.ro\/index.php?rest_route=\/wp\/v2\/users\/4"}],"replies":[{"embeddable":true,"href":"https:\/\/video.elearning.ubbcluj.ro\/index.php?rest_route=%2Fwp%2Fv2%2Fcomments&post=1768"}],"version-history":[{"count":1,"href":"https:\/\/video.elearning.ubbcluj.ro\/index.php?rest_route=\/wp\/v2\/pages\/1768\/revisions"}],"predecessor-version":[{"id":1769,"href":"https:\/\/video.elearning.ubbcluj.ro\/index.php?rest_route=\/wp\/v2\/pages\/1768\/revisions\/1769"}],"wp:attachment":[{"href":"https:\/\/video.elearning.ubbcluj.ro\/index.php?rest_route=%2Fwp%2Fv2%2Fmedia&parent=1768"}],"curies":[{"name":"wp","href":"https:\/\/api.w.org\/{rel}","templated":true}]}}