{"id":1739,"date":"2016-07-18T20:10:59","date_gmt":"2016-07-18T20:10:59","guid":{"rendered":"http:\/\/evideo.elearning.ubbcluj.ro\/?page_id=1739"},"modified":"2016-07-31T22:03:18","modified_gmt":"2016-07-31T22:03:18","slug":"evro-b2","status":"publish","type":"page","link":"https:\/\/video.elearning.ubbcluj.ro\/?page_id=1739","title":{"rendered":"EVRO &#8211; B2"},"content":{"rendered":"<p style=\"text-align: center;\"><em>Stima\u021bi profesori, Dragi elevi,<br \/>\n<\/em><\/p>\n<p>&nbsp;<\/p>\n<p>Materialele audio-video puse la dispozi\u021bia dumneavoastr\u0103 pe aceast\u0103 pagin\u0103 web au fost realizate \u00een cadrul proiectului EVRO implementat de Universitatea Babe\u0219-Bolyai din Cluj-Napoca \u00een perioada 2014-2015. Accesul la aceste materiale este gratuit at\u00e2t pentru toate cadrele didactice interesate, c\u00e2t \u0219i pentru elevi.<\/p>\n<p>Ve\u021bi reg\u0103si mai jos o list\u0103 cu materialele dedicate acestei sec\u021biuni \u00eempreun\u0103 cu fi\u0219ele aferente acestora.<\/p>\n<p><em>NOTA: De\u0219i filmele didactice au fost concepute pentru un anumit nivel de competen\u021b\u0103 lingvistic\u0103, consider\u0103m c\u0103 acestea \u00a0pot fi utilizate \u0219i la nivelurile \u00eenvecinate, cu condi\u021bia ca fi\u0219a de lucru aferent\u0103 s\u0103 fie elaborat\u0103 pentru nivelul vizat. Acesta este motivul pentru care unele\u00a0 dintre filme au ata\u0219ate \u0219i fi\u0219e de lucru elaborate pentru un alt nivel \u2013\u00a0 unul imediat superior sau inferior celui declarat.<\/em><\/p>\n<p title=\"Mi-ai m\u00e2ncat \u0219ni\u021belele!\">ACTIVIT\u01cd\u021aI CULTURALE<\/p>\n<ul>\n<li title=\"Mi-ai m\u00e2ncat \u0219ni\u021belele!\"><a title=\"Intelectualul cu\u2026 iluzii \u0219i confuzii\" href=\"https:\/\/video.elearning.ubbcluj.ro\/?page_id=1798\"><img decoding=\"async\" class=\"alignnone size-medium wp-image-2211\" src=\"https:\/\/video.elearning.ubbcluj.ro\/wp-content\/uploads\/2016\/07\/Intelectualul-cu-ilizii-si-confuzii-300x168.jpg\" alt=\"\" width=\"300\" height=\"168\" srcset=\"https:\/\/video.elearning.ubbcluj.ro\/wp-content\/uploads\/2016\/07\/Intelectualul-cu-ilizii-si-confuzii-300x168.jpg 300w, https:\/\/video.elearning.ubbcluj.ro\/wp-content\/uploads\/2016\/07\/Intelectualul-cu-ilizii-si-confuzii-1024x574.jpg 1024w\" sizes=\"(max-width: 300px) 100vw, 300px\" \/><\/a><a title=\"Intelectualul cu\u2026 iluzii \u0219i confuzii\" href=\"https:\/\/video.elearning.ubbcluj.ro\/?page_id=1798\">\u00a0 Intelectualul cu&#8230; iluzii \u0219i confuzii<\/a><\/li>\n<\/ul>\n<ul>\n<li title=\"Mi-ai m\u00e2ncat \u0219ni\u021belele!\"><a title=\"Confuzia\" href=\"https:\/\/video.elearning.ubbcluj.ro\/?page_id=1800\"><img decoding=\"async\" class=\"alignnone size-medium wp-image-2208\" src=\"https:\/\/video.elearning.ubbcluj.ro\/wp-content\/uploads\/2016\/07\/Confuzia-300x168.jpg\" alt=\"\" width=\"300\" height=\"168\" srcset=\"https:\/\/video.elearning.ubbcluj.ro\/wp-content\/uploads\/2016\/07\/Confuzia-300x168.jpg 300w, https:\/\/video.elearning.ubbcluj.ro\/wp-content\/uploads\/2016\/07\/Confuzia-1024x575.jpg 1024w\" sizes=\"(max-width: 300px) 100vw, 300px\" \/><\/a><a title=\"Confuzia\" href=\"https:\/\/video.elearning.ubbcluj.ro\/?page_id=1800\">\u00a0 Confuzia<\/a><\/li>\n<\/ul>\n<p title=\"Mi-ai m\u00e2ncat \u0219ni\u021belele!\">DESCRIERE DE PERSOAN\u01cd<\/p>\n<ul>\n<li title=\"Mi-ai m\u00e2ncat \u0219ni\u021belele!\"><a title=\"Profil de facebook\" href=\"https:\/\/video.elearning.ubbcluj.ro\/?page_id=1762\"><img decoding=\"async\" class=\"alignnone size-medium wp-image-2250\" src=\"https:\/\/video.elearning.ubbcluj.ro\/wp-content\/uploads\/2016\/07\/Profilul-de-facebook-300x168.jpg\" alt=\"\" width=\"300\" height=\"168\" srcset=\"https:\/\/video.elearning.ubbcluj.ro\/wp-content\/uploads\/2016\/07\/Profilul-de-facebook-300x168.jpg 300w, https:\/\/video.elearning.ubbcluj.ro\/wp-content\/uploads\/2016\/07\/Profilul-de-facebook-1024x575.jpg 1024w\" sizes=\"(max-width: 300px) 100vw, 300px\" \/><\/a><a title=\"Profil de facebook\" href=\"https:\/\/video.elearning.ubbcluj.ro\/?page_id=1762\">\u00a0 Profil de facebook<\/a><\/li>\n<\/ul>\n<p title=\"Mi-ai m\u00e2ncat \u0219ni\u021belele!\">FAMILIE<\/p>\n<ul>\n<li title=\"Mi-ai m\u00e2ncat \u0219ni\u021belele!\"><a title=\"Barza cu boto\u0219ei\" href=\"https:\/\/video.elearning.ubbcluj.ro\/?page_id=1753\"><img decoding=\"async\" class=\"alignnone size-medium wp-image-2232\" src=\"https:\/\/video.elearning.ubbcluj.ro\/wp-content\/uploads\/2016\/07\/Barza-cu-botosei-crosetati-300x168.jpg\" alt=\"\" width=\"300\" height=\"168\" srcset=\"https:\/\/video.elearning.ubbcluj.ro\/wp-content\/uploads\/2016\/07\/Barza-cu-botosei-crosetati-300x168.jpg 300w, https:\/\/video.elearning.ubbcluj.ro\/wp-content\/uploads\/2016\/07\/Barza-cu-botosei-crosetati-1024x576.jpg 1024w\" sizes=\"(max-width: 300px) 100vw, 300px\" \/><\/a><a title=\"Barza cu boto\u0219ei\" href=\"https:\/\/video.elearning.ubbcluj.ro\/?page_id=1753\">\u00a0 Barza cu boto\u0219ei<\/a><\/li>\n<\/ul>\n<ul>\n<li title=\"Mi-ai m\u00e2ncat \u0219ni\u021belele!\"><a title=\"Meciul\" href=\"https:\/\/video.elearning.ubbcluj.ro\/?page_id=1758\"><img decoding=\"async\" class=\"alignnone size-medium wp-image-2243\" src=\"https:\/\/video.elearning.ubbcluj.ro\/wp-content\/uploads\/2016\/07\/Meciul-300x168.jpg\" alt=\"\" width=\"300\" height=\"168\" srcset=\"https:\/\/video.elearning.ubbcluj.ro\/wp-content\/uploads\/2016\/07\/Meciul-300x168.jpg 300w, https:\/\/video.elearning.ubbcluj.ro\/wp-content\/uploads\/2016\/07\/Meciul-1024x575.jpg 1024w\" sizes=\"(max-width: 300px) 100vw, 300px\" \/><\/a><a title=\"Meciul\" href=\"https:\/\/video.elearning.ubbcluj.ro\/?page_id=1758\">\u00a0 Meciul<\/a><\/li>\n<\/ul>\n<ul>\n<li title=\"Mi-ai m\u00e2ncat \u0219ni\u021belele!\"><a title=\"Talentul ascuns\" href=\"https:\/\/video.elearning.ubbcluj.ro\/?page_id=1760\"><img decoding=\"async\" class=\"alignnone size-medium wp-image-2253\" src=\"https:\/\/video.elearning.ubbcluj.ro\/wp-content\/uploads\/2016\/07\/talentul-ascuns-300x171.jpg\" alt=\"\" width=\"300\" height=\"171\" srcset=\"https:\/\/video.elearning.ubbcluj.ro\/wp-content\/uploads\/2016\/07\/talentul-ascuns-300x171.jpg 300w, https:\/\/video.elearning.ubbcluj.ro\/wp-content\/uploads\/2016\/07\/talentul-ascuns-1024x584.jpg 1024w\" sizes=\"(max-width: 300px) 100vw, 300px\" \/><\/a><a title=\"Talentul ascuns\" href=\"https:\/\/video.elearning.ubbcluj.ro\/?page_id=1760\">\u00a0 Talentul ascuns<\/a><\/li>\n<\/ul>\n<p>C\u01cdL\u01cdTORII<\/p>\n<ul>\n<li><a title=\"Parisul sau Pisica\u2026?\" href=\"https:\/\/video.elearning.ubbcluj.ro\/?page_id=1796\"><img decoding=\"async\" class=\"alignnone size-medium wp-image-2248\" src=\"https:\/\/video.elearning.ubbcluj.ro\/wp-content\/uploads\/2016\/07\/Parisul-sau-pisica-300x168.jpg\" alt=\"\" width=\"300\" height=\"168\" srcset=\"https:\/\/video.elearning.ubbcluj.ro\/wp-content\/uploads\/2016\/07\/Parisul-sau-pisica-300x168.jpg 300w, https:\/\/video.elearning.ubbcluj.ro\/wp-content\/uploads\/2016\/07\/Parisul-sau-pisica-1024x575.jpg 1024w\" sizes=\"(max-width: 300px) 100vw, 300px\" \/><\/a><a title=\"Parisul sau Pisica\u2026?\" href=\"https:\/\/video.elearning.ubbcluj.ro\/?page_id=1796\">\u00a0 Parisul sau Pisica&#8230;?<\/a><\/li>\n<\/ul>\n<p>IMBR\u01cdC\u01cdMINTE<\/p>\n<ul>\n<li><a title=\"Nu am cu ce s\u0103 m\u0103 imbrac\" href=\"https:\/\/video.elearning.ubbcluj.ro\/?page_id=1764\"><img decoding=\"async\" class=\"alignnone size-medium wp-image-2244\" src=\"https:\/\/video.elearning.ubbcluj.ro\/wp-content\/uploads\/2016\/07\/Nu-am-cu-ce-sa-ma-imbrac-300x168.jpg\" alt=\"\" width=\"300\" height=\"168\" srcset=\"https:\/\/video.elearning.ubbcluj.ro\/wp-content\/uploads\/2016\/07\/Nu-am-cu-ce-sa-ma-imbrac-300x168.jpg 300w, https:\/\/video.elearning.ubbcluj.ro\/wp-content\/uploads\/2016\/07\/Nu-am-cu-ce-sa-ma-imbrac-1024x576.jpg 1024w\" sizes=\"(max-width: 300px) 100vw, 300px\" \/><\/a><a title=\"Nu am cu ce s\u0103 m\u0103 imbrac\" href=\"https:\/\/video.elearning.ubbcluj.ro\/?page_id=1764\">\u00a0 Nu am cu ce s\u0103 m\u0103 imbrac<\/a><\/li>\n<\/ul>\n<ul>\n<li><a title=\"Bunicu\u021ba internaut\u0103\" href=\"https:\/\/video.elearning.ubbcluj.ro\/?page_id=1766\"><img decoding=\"async\" class=\"alignnone size-medium wp-image-2234\" src=\"https:\/\/video.elearning.ubbcluj.ro\/wp-content\/uploads\/2016\/07\/Bunicuta-internauta-300x168.jpg\" alt=\"\" width=\"300\" height=\"168\" srcset=\"https:\/\/video.elearning.ubbcluj.ro\/wp-content\/uploads\/2016\/07\/Bunicuta-internauta-300x168.jpg 300w, https:\/\/video.elearning.ubbcluj.ro\/wp-content\/uploads\/2016\/07\/Bunicuta-internauta-1024x574.jpg 1024w\" sizes=\"(max-width: 300px) 100vw, 300px\" \/><\/a><a title=\"Bunicu\u021ba internaut\u0103\" href=\"https:\/\/video.elearning.ubbcluj.ro\/?page_id=1766\">\u00a0 Bunicu\u021ba internaut\u0103<\/a><\/li>\n<\/ul>\n<p>M\u00c2NCARE \u0218I B\u01cdUTUR\u01cd<\/p>\n<ul>\n<li><a title=\"Eu oare ce sa m\u0103nanc?\" href=\"https:\/\/video.elearning.ubbcluj.ro\/?page_id=1781\"><img decoding=\"async\" class=\"alignnone size-medium wp-image-2246\" src=\"https:\/\/video.elearning.ubbcluj.ro\/wp-content\/uploads\/2016\/07\/Oare-ce-sa-mananc-300x168.jpg\" alt=\"\" width=\"300\" height=\"168\" srcset=\"https:\/\/video.elearning.ubbcluj.ro\/wp-content\/uploads\/2016\/07\/Oare-ce-sa-mananc-300x168.jpg 300w, https:\/\/video.elearning.ubbcluj.ro\/wp-content\/uploads\/2016\/07\/Oare-ce-sa-mananc-1024x575.jpg 1024w\" sizes=\"(max-width: 300px) 100vw, 300px\" \/><\/a><a title=\"Eu oare ce sa m\u0103nanc?\" href=\"https:\/\/video.elearning.ubbcluj.ro\/?page_id=1781\">\u00a0 Eu oare ce sa m\u0103nanc?<\/a><\/li>\n<\/ul>\n<ul>\n<li><a title=\"Cl\u0103tite pufoase \u0219i haioase\" href=\"https:\/\/video.elearning.ubbcluj.ro\/?page_id=1783\"><img decoding=\"async\" class=\"alignnone size-medium wp-image-2236\" src=\"https:\/\/video.elearning.ubbcluj.ro\/wp-content\/uploads\/2016\/07\/Clatite-pufoase-si-haioase-300x168.jpg\" alt=\"\" width=\"300\" height=\"168\" srcset=\"https:\/\/video.elearning.ubbcluj.ro\/wp-content\/uploads\/2016\/07\/Clatite-pufoase-si-haioase-300x168.jpg 300w, https:\/\/video.elearning.ubbcluj.ro\/wp-content\/uploads\/2016\/07\/Clatite-pufoase-si-haioase-1024x575.jpg 1024w\" sizes=\"(max-width: 300px) 100vw, 300px\" \/><\/a><a title=\"Cl\u0103tite pufoase \u0219i haioase\" href=\"https:\/\/video.elearning.ubbcluj.ro\/?page_id=1783\">\u00a0 Cl\u0103tite pufoase \u0219i haioase<\/a><\/li>\n<\/ul>\n<p>MIJLOACE DE TRANSPORT<\/p>\n<ul>\n<li><a title=\"Pe pista de biciclete\" href=\"https:\/\/video.elearning.ubbcluj.ro\/?page_id=1793\"><img decoding=\"async\" class=\"alignnone size-medium wp-image-2249\" src=\"https:\/\/video.elearning.ubbcluj.ro\/wp-content\/uploads\/2016\/07\/Pe-pista-de-biciclete-300x168.jpg\" alt=\"\" width=\"300\" height=\"168\" srcset=\"https:\/\/video.elearning.ubbcluj.ro\/wp-content\/uploads\/2016\/07\/Pe-pista-de-biciclete-300x168.jpg 300w, https:\/\/video.elearning.ubbcluj.ro\/wp-content\/uploads\/2016\/07\/Pe-pista-de-biciclete-1024x575.jpg 1024w\" sizes=\"(max-width: 300px) 100vw, 300px\" \/><\/a><a title=\"Pe pista de biciclete\" href=\"https:\/\/video.elearning.ubbcluj.ro\/?page_id=1793\">\u00a0 Pe pista de biciclete<\/a><\/li>\n<\/ul>\n<p title=\"Vreau o schimbare\">ORA\u0218UL<\/p>\n<ul>\n<li title=\"Vreau o schimbare\"><a title=\"La flor\u0103ria \u201cBia\u201d\" href=\"https:\/\/video.elearning.ubbcluj.ro\/?page_id=1789\"><img decoding=\"async\" class=\"alignnone size-medium wp-image-2240\" src=\"https:\/\/video.elearning.ubbcluj.ro\/wp-content\/uploads\/2016\/07\/La-floraria-Bia-300x168.jpg\" alt=\"\" width=\"300\" height=\"168\" srcset=\"https:\/\/video.elearning.ubbcluj.ro\/wp-content\/uploads\/2016\/07\/La-floraria-Bia-300x168.jpg 300w, https:\/\/video.elearning.ubbcluj.ro\/wp-content\/uploads\/2016\/07\/La-floraria-Bia-1024x574.jpg 1024w\" sizes=\"(max-width: 300px) 100vw, 300px\" \/><\/a><a title=\"La flor\u0103ria \u201cBia\u201d\" href=\"https:\/\/video.elearning.ubbcluj.ro\/?page_id=1789\">\u00a0 La flor\u0103ria &#8220;Bia&#8221;<\/a><\/li>\n<\/ul>\n<ul>\n<li title=\"Vreau o schimbare\"><a title=\"Ora\u0219ul de pe malul Some\u0219ului\" href=\"https:\/\/video.elearning.ubbcluj.ro\/?page_id=1791\"><img decoding=\"async\" class=\"alignnone size-medium wp-image-2247\" src=\"https:\/\/video.elearning.ubbcluj.ro\/wp-content\/uploads\/2016\/07\/Orasul-de-pe-malul-Somesului-300x168.jpg\" alt=\"\" width=\"300\" height=\"168\" srcset=\"https:\/\/video.elearning.ubbcluj.ro\/wp-content\/uploads\/2016\/07\/Orasul-de-pe-malul-Somesului-300x168.jpg 300w, https:\/\/video.elearning.ubbcluj.ro\/wp-content\/uploads\/2016\/07\/Orasul-de-pe-malul-Somesului-1024x574.jpg 1024w\" sizes=\"(max-width: 300px) 100vw, 300px\" \/><\/a><a title=\"Ora\u0219ul de pe malul Some\u0219ului\" href=\"https:\/\/video.elearning.ubbcluj.ro\/?page_id=1791\">\u00a0 Ora\u0219ul de pe malul Some\u0219ului<\/a><\/li>\n<\/ul>\n<p>RELA\u021aII SOCIALE<\/p>\n<ul>\n<li><a title=\"O mic\u0103 nein\u021belegere\" href=\"https:\/\/video.elearning.ubbcluj.ro\/?page_id=1802\"><img decoding=\"async\" class=\"alignnone size-medium wp-image-2245\" src=\"https:\/\/video.elearning.ubbcluj.ro\/wp-content\/uploads\/2016\/07\/O-mica-neintelegere-300x168.jpg\" alt=\"\" width=\"300\" height=\"168\" srcset=\"https:\/\/video.elearning.ubbcluj.ro\/wp-content\/uploads\/2016\/07\/O-mica-neintelegere-300x168.jpg 300w, https:\/\/video.elearning.ubbcluj.ro\/wp-content\/uploads\/2016\/07\/O-mica-neintelegere-1024x575.jpg 1024w\" sizes=\"(max-width: 300px) 100vw, 300px\" \/><\/a><a title=\"O mic\u0103 nein\u021belegere\" href=\"https:\/\/video.elearning.ubbcluj.ro\/?page_id=1802\">\u00a0 O mic\u0103 nein\u021belegere<\/a><\/li>\n<\/ul>\n<ul>\n<li><a title=\"Reintalnirea\" href=\"https:\/\/video.elearning.ubbcluj.ro\/?page_id=1804\"><img decoding=\"async\" class=\"alignnone size-medium wp-image-2251\" src=\"https:\/\/video.elearning.ubbcluj.ro\/wp-content\/uploads\/2016\/07\/Reintalnirea-300x168.jpg\" alt=\"\" width=\"300\" height=\"168\" srcset=\"https:\/\/video.elearning.ubbcluj.ro\/wp-content\/uploads\/2016\/07\/Reintalnirea-300x168.jpg 300w, https:\/\/video.elearning.ubbcluj.ro\/wp-content\/uploads\/2016\/07\/Reintalnirea-1024x575.jpg 1024w\" sizes=\"(max-width: 300px) 100vw, 300px\" \/><\/a><a title=\"Reintalnirea\" href=\"https:\/\/video.elearning.ubbcluj.ro\/?page_id=1804\">\u00a0 Reintalnirea<\/a><\/li>\n<\/ul>\n<ul>\n<li><a title=\"Un vecin g\u0103l\u0103gios\" href=\"https:\/\/video.elearning.ubbcluj.ro\/?page_id=1806\"><img decoding=\"async\" class=\"alignnone size-medium wp-image-2255\" src=\"https:\/\/video.elearning.ubbcluj.ro\/wp-content\/uploads\/2016\/07\/Un-vecin-galagios-300x168.jpg\" alt=\"\" width=\"300\" height=\"168\" srcset=\"https:\/\/video.elearning.ubbcluj.ro\/wp-content\/uploads\/2016\/07\/Un-vecin-galagios-300x168.jpg 300w, https:\/\/video.elearning.ubbcluj.ro\/wp-content\/uploads\/2016\/07\/Un-vecin-galagios-1024x574.jpg 1024w\" sizes=\"(max-width: 300px) 100vw, 300px\" \/><\/a><a title=\"Un vecin g\u0103l\u0103gios\" href=\"https:\/\/video.elearning.ubbcluj.ro\/?page_id=1806\">\u00a0 Un vecin g\u0103l\u0103gios<\/a><\/li>\n<\/ul>\n<ul>\n<li><a title=\"Greseli mici\" href=\"https:\/\/video.elearning.ubbcluj.ro\/?page_id=1808\"><img decoding=\"async\" class=\"alignnone size-medium wp-image-2238\" src=\"https:\/\/video.elearning.ubbcluj.ro\/wp-content\/uploads\/2016\/07\/Greseli-mici-300x168.jpg\" alt=\"\" width=\"300\" height=\"168\" srcset=\"https:\/\/video.elearning.ubbcluj.ro\/wp-content\/uploads\/2016\/07\/Greseli-mici-300x168.jpg 300w, https:\/\/video.elearning.ubbcluj.ro\/wp-content\/uploads\/2016\/07\/Greseli-mici-1024x575.jpg 1024w\" sizes=\"(max-width: 300px) 100vw, 300px\" \/><\/a><a title=\"Greseli mici\" href=\"https:\/\/video.elearning.ubbcluj.ro\/?page_id=1808\">\u00a0 Greseli mici<\/a><\/li>\n<\/ul>\n<ul>\n<li><a title=\"Amintiri din studen\u021bie\" href=\"https:\/\/video.elearning.ubbcluj.ro\/?page_id=1810\"><img decoding=\"async\" class=\"alignnone size-medium wp-image-2231\" src=\"https:\/\/video.elearning.ubbcluj.ro\/wp-content\/uploads\/2016\/07\/Amintiri-din-studentie-300x168.jpg\" alt=\"\" width=\"300\" height=\"168\" srcset=\"https:\/\/video.elearning.ubbcluj.ro\/wp-content\/uploads\/2016\/07\/Amintiri-din-studentie-300x168.jpg 300w, https:\/\/video.elearning.ubbcluj.ro\/wp-content\/uploads\/2016\/07\/Amintiri-din-studentie-1024x575.jpg 1024w\" sizes=\"(max-width: 300px) 100vw, 300px\" \/><\/a><a title=\"Amintiri din studen\u021bie\" href=\"https:\/\/video.elearning.ubbcluj.ro\/?page_id=1810\">\u00a0 Amintiri din studen\u021bie<\/a><\/li>\n<\/ul>\n<p>S\u01cdN\u01cdTATE<\/p>\n<ul>\n<li><a title=\"Sfaturi pentru o alimenta\u021bie s\u0103natoas\u0103\" href=\"https:\/\/video.elearning.ubbcluj.ro\/?page_id=1768\"><img decoding=\"async\" class=\"alignnone size-medium wp-image-2252\" src=\"https:\/\/video.elearning.ubbcluj.ro\/wp-content\/uploads\/2016\/07\/Sfaturi-pentru-o-alimentatie-sanatoasa-300x168.jpg\" alt=\"\" width=\"300\" height=\"168\" srcset=\"https:\/\/video.elearning.ubbcluj.ro\/wp-content\/uploads\/2016\/07\/Sfaturi-pentru-o-alimentatie-sanatoasa-300x168.jpg 300w, https:\/\/video.elearning.ubbcluj.ro\/wp-content\/uploads\/2016\/07\/Sfaturi-pentru-o-alimentatie-sanatoasa-1024x574.jpg 1024w\" sizes=\"(max-width: 300px) 100vw, 300px\" \/><\/a><a title=\"Sfaturi pentru o alimenta\u021bie s\u0103natoas\u0103\" href=\"https:\/\/video.elearning.ubbcluj.ro\/?page_id=1768\">\u00a0 Sfaturi pentru o alimenta\u021bie s\u0103natoas\u0103<\/a><\/li>\n<\/ul>\n<ul>\n<li><a title=\"Ce v\u0103 doare?\" href=\"https:\/\/video.elearning.ubbcluj.ro\/?page_id=1770\"><img decoding=\"async\" class=\"alignnone size-medium wp-image-2235\" src=\"https:\/\/video.elearning.ubbcluj.ro\/wp-content\/uploads\/2016\/07\/Ce-va-doare-300x168.jpg\" alt=\"\" width=\"300\" height=\"168\" srcset=\"https:\/\/video.elearning.ubbcluj.ro\/wp-content\/uploads\/2016\/07\/Ce-va-doare-300x168.jpg 300w, https:\/\/video.elearning.ubbcluj.ro\/wp-content\/uploads\/2016\/07\/Ce-va-doare-1024x575.jpg 1024w\" sizes=\"(max-width: 300px) 100vw, 300px\" \/><\/a><a title=\"Ce v\u0103 doare?\" href=\"https:\/\/video.elearning.ubbcluj.ro\/?page_id=1770\">\u00a0 Ce v\u0103 doare?<\/a><\/li>\n<\/ul>\n<ul>\n<li><a title=\"Boli glorioase\" href=\"https:\/\/video.elearning.ubbcluj.ro\/?page_id=1772\"><img decoding=\"async\" class=\"alignnone size-medium wp-image-2233\" src=\"https:\/\/video.elearning.ubbcluj.ro\/wp-content\/uploads\/2016\/07\/Boli-glorioase-300x168.jpg\" alt=\"\" width=\"300\" height=\"168\" srcset=\"https:\/\/video.elearning.ubbcluj.ro\/wp-content\/uploads\/2016\/07\/Boli-glorioase-300x168.jpg 300w, https:\/\/video.elearning.ubbcluj.ro\/wp-content\/uploads\/2016\/07\/Boli-glorioase-1024x575.jpg 1024w\" sizes=\"(max-width: 300px) 100vw, 300px\" \/><\/a><a title=\"Boli glorioase\" href=\"https:\/\/video.elearning.ubbcluj.ro\/?page_id=1772\">\u00a0 Boli glorioase<\/a><\/li>\n<\/ul>\n<ul>\n<li><a title=\"La psihiatru\" href=\"https:\/\/video.elearning.ubbcluj.ro\/?page_id=1774\"><img decoding=\"async\" class=\"alignnone size-medium wp-image-2241\" src=\"https:\/\/video.elearning.ubbcluj.ro\/wp-content\/uploads\/2016\/07\/La-psihiatru-300x168.jpg\" alt=\"\" width=\"300\" height=\"168\" srcset=\"https:\/\/video.elearning.ubbcluj.ro\/wp-content\/uploads\/2016\/07\/La-psihiatru-300x168.jpg 300w, https:\/\/video.elearning.ubbcluj.ro\/wp-content\/uploads\/2016\/07\/La-psihiatru-1024x575.jpg 1024w\" sizes=\"(max-width: 300px) 100vw, 300px\" \/><\/a><a title=\"La psihiatru\" href=\"https:\/\/video.elearning.ubbcluj.ro\/?page_id=1774\">\u00a0 La psihiatru<\/a><\/li>\n<\/ul>\n<ul>\n<li><a title=\"La cardiolog\" href=\"https:\/\/video.elearning.ubbcluj.ro\/?page_id=1776\"><img decoding=\"async\" class=\"alignnone size-medium wp-image-2239\" src=\"https:\/\/video.elearning.ubbcluj.ro\/wp-content\/uploads\/2016\/07\/La-cardiolog-300x168.jpg\" alt=\"\" width=\"300\" height=\"168\" srcset=\"https:\/\/video.elearning.ubbcluj.ro\/wp-content\/uploads\/2016\/07\/La-cardiolog-300x168.jpg 300w, https:\/\/video.elearning.ubbcluj.ro\/wp-content\/uploads\/2016\/07\/La-cardiolog-1024x575.jpg 1024w\" sizes=\"(max-width: 300px) 100vw, 300px\" \/><\/a><a title=\"La cardiolog\" href=\"https:\/\/video.elearning.ubbcluj.ro\/?page_id=1776\">\u00a0 La cardiolog<\/a><\/li>\n<\/ul>\n<ul>\n<li><a title=\"Manca\u021bi colorat, trai\u021bi curat!\" href=\"https:\/\/video.elearning.ubbcluj.ro\/?page_id=1778\"><img decoding=\"async\" class=\"alignnone size-medium wp-image-2242\" src=\"https:\/\/video.elearning.ubbcluj.ro\/wp-content\/uploads\/2016\/07\/Mancati-colorat-traiti-curat-300x168.jpg\" alt=\"\" width=\"300\" height=\"168\" srcset=\"https:\/\/video.elearning.ubbcluj.ro\/wp-content\/uploads\/2016\/07\/Mancati-colorat-traiti-curat-300x168.jpg 300w, https:\/\/video.elearning.ubbcluj.ro\/wp-content\/uploads\/2016\/07\/Mancati-colorat-traiti-curat-1024x575.jpg 1024w\" sizes=\"(max-width: 300px) 100vw, 300px\" \/><\/a><a title=\"Manca\u021bi colorat, trai\u021bi curat!\" href=\"https:\/\/video.elearning.ubbcluj.ro\/?page_id=1778\">\u00a0 Manca\u021bi colorat, trai\u021bi curat!<\/a><\/li>\n<\/ul>\n<p>TIMP LIBER<\/p>\n<ul>\n<li><a title=\"Tu, ochelarii t\u0103i \u0219i efectele speciale!\" href=\"https:\/\/video.elearning.ubbcluj.ro\/?page_id=1785\"><img decoding=\"async\" class=\"alignnone size-medium wp-image-2254\" src=\"https:\/\/video.elearning.ubbcluj.ro\/wp-content\/uploads\/2016\/07\/Tu-ochelarii-tai-si-efectele-speciale-300x168.jpg\" alt=\"\" width=\"300\" height=\"168\" srcset=\"https:\/\/video.elearning.ubbcluj.ro\/wp-content\/uploads\/2016\/07\/Tu-ochelarii-tai-si-efectele-speciale-300x168.jpg 300w, https:\/\/video.elearning.ubbcluj.ro\/wp-content\/uploads\/2016\/07\/Tu-ochelarii-tai-si-efectele-speciale-1024x575.jpg 1024w\" sizes=\"(max-width: 300px) 100vw, 300px\" \/><\/a><a title=\"Tu, ochelarii t\u0103i \u0219i efectele speciale!\" href=\"https:\/\/video.elearning.ubbcluj.ro\/?page_id=1785\">\u00a0 Tu, ochelarii t\u0103i \u0219i efectele speciale!<\/a><\/li>\n<\/ul>\n<ul>\n<li><a title=\"Cu radioul in pod\u2026\" href=\"https:\/\/video.elearning.ubbcluj.ro\/?page_id=1787\"><img decoding=\"async\" class=\"alignnone size-medium wp-image-2237\" src=\"https:\/\/video.elearning.ubbcluj.ro\/wp-content\/uploads\/2016\/07\/Cu-radioul-in-pod...-300x168.jpg\" alt=\"\" width=\"300\" height=\"168\" srcset=\"https:\/\/video.elearning.ubbcluj.ro\/wp-content\/uploads\/2016\/07\/Cu-radioul-in-pod...-300x168.jpg 300w, https:\/\/video.elearning.ubbcluj.ro\/wp-content\/uploads\/2016\/07\/Cu-radioul-in-pod...-1024x576.jpg 1024w\" sizes=\"(max-width: 300px) 100vw, 300px\" \/><\/a><a title=\"Cu radioul in pod\u2026\" href=\"https:\/\/video.elearning.ubbcluj.ro\/?page_id=1787\">\u00a0 Cu radioul in pod&#8230;<\/a><\/li>\n<\/ul>\n<p>&nbsp;<\/p>\n","protected":false},"excerpt":{"rendered":"<p>Stima\u021bi profesori, Dragi elevi, &nbsp; Materialele audio-video puse la dispozi\u021bia [&hellip;]<\/p>\n","protected":false},"author":4,"featured_media":0,"parent":0,"menu_order":0,"comment_status":"open","ping_status":"open","template":"","meta":{"__cvm_playback_settings":[],"__cvm_video_id":"","footnotes":""},"_links":{"self":[{"href":"https:\/\/video.elearning.ubbcluj.ro\/index.php?rest_route=\/wp\/v2\/pages\/1739"}],"collection":[{"href":"https:\/\/video.elearning.ubbcluj.ro\/index.php?rest_route=\/wp\/v2\/pages"}],"about":[{"href":"https:\/\/video.elearning.ubbcluj.ro\/index.php?rest_route=\/wp\/v2\/types\/page"}],"author":[{"embeddable":true,"href":"https:\/\/video.elearning.ubbcluj.ro\/index.php?rest_route=\/wp\/v2\/users\/4"}],"replies":[{"embeddable":true,"href":"https:\/\/video.elearning.ubbcluj.ro\/index.php?rest_route=%2Fwp%2Fv2%2Fcomments&post=1739"}],"version-history":[{"count":13,"href":"https:\/\/video.elearning.ubbcluj.ro\/index.php?rest_route=\/wp\/v2\/pages\/1739\/revisions"}],"predecessor-version":[{"id":2256,"href":"https:\/\/video.elearning.ubbcluj.ro\/index.php?rest_route=\/wp\/v2\/pages\/1739\/revisions\/2256"}],"wp:attachment":[{"href":"https:\/\/video.elearning.ubbcluj.ro\/index.php?rest_route=%2Fwp%2Fv2%2Fmedia&parent=1739"}],"curies":[{"name":"wp","href":"https:\/\/api.w.org\/{rel}","templated":true}]}}