{"id":1668,"date":"2016-07-18T13:55:50","date_gmt":"2016-07-18T13:55:50","guid":{"rendered":"http:\/\/evideo.elearning.ubbcluj.ro\/?page_id=1668"},"modified":"2016-07-18T13:55:50","modified_gmt":"2016-07-18T13:55:50","slug":"calatorie-pe-harta-romaniei","status":"publish","type":"page","link":"https:\/\/video.elearning.ubbcluj.ro\/?page_id=1668","title":{"rendered":"C\u0103l\u0103torie pe&#8230; harta Rom\u00e2niei!"},"content":{"rendered":"<p style=\"text-align: center;\"><strong>VACANTE\/CALATORII<\/strong><\/p>\n<p style=\"text-align: center;\">CALATORIE PE\u2026 HARTA ROMANIEI!<\/p>\n<div class=\"video-shortcode\"><iframe title=\"VacantaA2+_B1_Calat_Harta_Romaniei\" src=\"https:\/\/player.vimeo.com\/video\/147523149?dnt=1&amp;app_id=122963\" width=\"1200\" height=\"675\" frameborder=\"0\" allow=\"autoplay; fullscreen; picture-in-picture\"><\/iframe><\/div>\n<p>Fisa de lucru Nr. 1 se poate accesa <a href=\"https:\/\/video.elearning.ubbcluj.ro\/wp-content\/uploads\/2016\/06\/FiseEVRO\/B1,Fi\u0219\u0103-CalatorindpehartaRomaniei.pdf\">AICI<\/a>.<\/p>\n","protected":false},"excerpt":{"rendered":"<p>VACANTE\/CALATORII CALATORIE PE\u2026 HARTA ROMANIEI! Fisa de lucru Nr. 1 [&hellip;]<\/p>\n","protected":false},"author":4,"featured_media":0,"parent":0,"menu_order":0,"comment_status":"open","ping_status":"open","template":"","meta":{"__cvm_playback_settings":[],"__cvm_video_id":"","footnotes":""},"_links":{"self":[{"href":"https:\/\/video.elearning.ubbcluj.ro\/index.php?rest_route=\/wp\/v2\/pages\/1668"}],"collection":[{"href":"https:\/\/video.elearning.ubbcluj.ro\/index.php?rest_route=\/wp\/v2\/pages"}],"about":[{"href":"https:\/\/video.elearning.ubbcluj.ro\/index.php?rest_route=\/wp\/v2\/types\/page"}],"author":[{"embeddable":true,"href":"https:\/\/video.elearning.ubbcluj.ro\/index.php?rest_route=\/wp\/v2\/users\/4"}],"replies":[{"embeddable":true,"href":"https:\/\/video.elearning.ubbcluj.ro\/index.php?rest_route=%2Fwp%2Fv2%2Fcomments&post=1668"}],"version-history":[{"count":1,"href":"https:\/\/video.elearning.ubbcluj.ro\/index.php?rest_route=\/wp\/v2\/pages\/1668\/revisions"}],"predecessor-version":[{"id":1670,"href":"https:\/\/video.elearning.ubbcluj.ro\/index.php?rest_route=\/wp\/v2\/pages\/1668\/revisions\/1670"}],"wp:attachment":[{"href":"https:\/\/video.elearning.ubbcluj.ro\/index.php?rest_route=%2Fwp%2Fv2%2Fmedia&parent=1668"}],"curies":[{"name":"wp","href":"https:\/\/api.w.org\/{rel}","templated":true}]}}