{"id":1627,"date":"2016-07-18T12:18:13","date_gmt":"2016-07-18T12:18:13","guid":{"rendered":"http:\/\/evideo.elearning.ubbcluj.ro\/?page_id=1627"},"modified":"2016-10-07T08:06:47","modified_gmt":"2016-10-07T08:06:47","slug":"evro-a2","status":"publish","type":"page","link":"https:\/\/video.elearning.ubbcluj.ro\/?page_id=1627","title":{"rendered":"EVRO &#8211; A2"},"content":{"rendered":"<p style=\"text-align: center;\"><em>Stima\u021bi profesori, Dragi elevi,<br \/>\n<\/em><\/p>\n<p>&nbsp;<\/p>\n<p>Materialele audio-video puse la dispozi\u021bia dumneavoastr\u0103 pe aceast\u0103 pagin\u0103 web au fost realizate \u00een cadrul proiectului EVRO implementat de Universitatea Babe\u0219-Bolyai din Cluj-Napoca \u00een perioada 2014-2015. Accesul la aceste materiale este gratuit at\u00e2t pentru toate cadrele didactice interesate, c\u00e2t \u0219i pentru elevi.<\/p>\n<p>Ve\u021bi reg\u0103si mai jos o list\u0103 cu materialele dedicate acestei sec\u021biuni \u00eempreun\u0103 cu fi\u0219ele aferente acestora.<\/p>\n<p><em>NOTA: De\u0219i filmele didactice au fost concepute pentru un anumit nivel de competen\u021b\u0103 lingvistic\u0103, consider\u0103m c\u0103 acestea \u00a0pot fi utilizate \u0219i la nivelurile \u00eenvecinate, cu condi\u021bia ca fi\u0219a de lucru aferent\u0103 s\u0103 fie elaborat\u0103 pentru nivelul vizat. Acesta este motivul pentru care unele\u00a0 dintre filme au ata\u0219ate \u0219i fi\u0219e de lucru elaborate pentru un alt nivel \u2013\u00a0 unul imediat superior sau inferior celui declarat.<\/em><\/p>\n<p>IMBR\u01cdC\u01cdMINTE<\/p>\n<ul>\n<li><a title=\"In pas cu moda\" href=\"https:\/\/video.elearning.ubbcluj.ro\/?page_id=1642\"><img decoding=\"async\" class=\"alignnone size-medium wp-image-2193\" src=\"https:\/\/video.elearning.ubbcluj.ro\/wp-content\/uploads\/2016\/07\/In-pas-cu-moda-300x168.jpg\" alt=\"\" width=\"300\" height=\"168\" srcset=\"https:\/\/video.elearning.ubbcluj.ro\/wp-content\/uploads\/2016\/07\/In-pas-cu-moda-300x168.jpg 300w, https:\/\/video.elearning.ubbcluj.ro\/wp-content\/uploads\/2016\/07\/In-pas-cu-moda-1024x575.jpg 1024w\" sizes=\"(max-width: 300px) 100vw, 300px\" \/><\/a><a title=\"In pas cu moda\" href=\"https:\/\/video.elearning.ubbcluj.ro\/?page_id=1642\">\u00a0 In pas cu moda<\/a><\/li>\n<\/ul>\n<p>LOCUIN\u021aA\/RELA\u021aII<\/p>\n<ul>\n<li><a title=\"Dorim s\u0103 cump\u0103ram o cas\u0103\" href=\"https:\/\/video.elearning.ubbcluj.ro\/?page_id=1645\"><img decoding=\"async\" class=\"alignnone size-medium wp-image-2190\" src=\"https:\/\/video.elearning.ubbcluj.ro\/wp-content\/uploads\/2016\/07\/Dorim-sa-cumparam-o-casa-300x168.jpg\" alt=\"\" width=\"300\" height=\"168\" srcset=\"https:\/\/video.elearning.ubbcluj.ro\/wp-content\/uploads\/2016\/07\/Dorim-sa-cumparam-o-casa-300x168.jpg 300w, https:\/\/video.elearning.ubbcluj.ro\/wp-content\/uploads\/2016\/07\/Dorim-sa-cumparam-o-casa-1024x575.jpg 1024w\" sizes=\"(max-width: 300px) 100vw, 300px\" \/><\/a><a title=\"Dorim s\u0103 cump\u0103ram o cas\u0103\" href=\"https:\/\/video.elearning.ubbcluj.ro\/?page_id=1645\">\u00a0 Dorim s\u0103 cump\u0103ram o cas\u0103<\/a><\/li>\n<\/ul>\n<p>M\u00c2NCARE\/LEGUME<\/p>\n<ul>\n<li><a title=\"In gr\u0103dina de legume\" href=\"https:\/\/video.elearning.ubbcluj.ro\/?page_id=1651\"><img decoding=\"async\" class=\"alignnone size-medium wp-image-2192\" src=\"https:\/\/video.elearning.ubbcluj.ro\/wp-content\/uploads\/2016\/07\/In-gradina-cu-legume-300x168.jpg\" alt=\"\" width=\"300\" height=\"168\" srcset=\"https:\/\/video.elearning.ubbcluj.ro\/wp-content\/uploads\/2016\/07\/In-gradina-cu-legume-300x168.jpg 300w, https:\/\/video.elearning.ubbcluj.ro\/wp-content\/uploads\/2016\/07\/In-gradina-cu-legume-1024x573.jpg 1024w\" sizes=\"(max-width: 300px) 100vw, 300px\" \/><\/a><a title=\"In gr\u0103dina de legume\" href=\"https:\/\/video.elearning.ubbcluj.ro\/?page_id=1651\">\u00a0 In gr\u0103dina de legume<\/a><\/li>\n<\/ul>\n<p>MIJLOACE DE TRANSPORT<\/p>\n<ul>\n<li><a title=\"Vine? Nu mai vine\u2026\" href=\"https:\/\/video.elearning.ubbcluj.ro\/?page_id=1665\"><img decoding=\"async\" class=\"alignnone size-medium wp-image-2199\" src=\"https:\/\/video.elearning.ubbcluj.ro\/wp-content\/uploads\/2016\/07\/Vine-nu-mai-vine-300x168.jpg\" alt=\"\" width=\"300\" height=\"168\" srcset=\"https:\/\/video.elearning.ubbcluj.ro\/wp-content\/uploads\/2016\/07\/Vine-nu-mai-vine-300x168.jpg 300w, https:\/\/video.elearning.ubbcluj.ro\/wp-content\/uploads\/2016\/07\/Vine-nu-mai-vine-1024x575.jpg 1024w\" sizes=\"(max-width: 300px) 100vw, 300px\" \/><\/a><a title=\"Vine? Nu mai vine\u2026\" href=\"https:\/\/video.elearning.ubbcluj.ro\/?page_id=1665\">\u00a0 Vine? Nu mai vine&#8230;<\/a><\/li>\n<\/ul>\n<p>OCAZII SPECIALE<\/p>\n<ul>\n<li><a title=\"Cadoul perfect\" href=\"https:\/\/video.elearning.ubbcluj.ro\/?page_id=1657\"><img decoding=\"async\" class=\"alignnone size-medium wp-image-2186\" src=\"https:\/\/video.elearning.ubbcluj.ro\/wp-content\/uploads\/2016\/07\/Cadoul-perfect-300x169.jpg\" alt=\"\" width=\"300\" height=\"169\" srcset=\"https:\/\/video.elearning.ubbcluj.ro\/wp-content\/uploads\/2016\/07\/Cadoul-perfect-300x169.jpg 300w, https:\/\/video.elearning.ubbcluj.ro\/wp-content\/uploads\/2016\/07\/Cadoul-perfect-1024x576.jpg 1024w\" sizes=\"(max-width: 300px) 100vw, 300px\" \/><\/a><a title=\"Cadoul perfect\" href=\"https:\/\/video.elearning.ubbcluj.ro\/?page_id=1657\">\u00a0 Cadoul perfect<\/a><\/li>\n<\/ul>\n<p>ORA\u0218UL\/SERVICII<\/p>\n<ul>\n<li><a title=\"Vreau o schimbare\" href=\"https:\/\/video.elearning.ubbcluj.ro\/?page_id=1660\"><img decoding=\"async\" class=\"alignnone size-medium wp-image-2201\" src=\"https:\/\/video.elearning.ubbcluj.ro\/wp-content\/uploads\/2016\/07\/Vreau-o-schimbare-300x169.jpg\" alt=\"\" width=\"300\" height=\"169\" srcset=\"https:\/\/video.elearning.ubbcluj.ro\/wp-content\/uploads\/2016\/07\/Vreau-o-schimbare-300x169.jpg 300w, https:\/\/video.elearning.ubbcluj.ro\/wp-content\/uploads\/2016\/07\/Vreau-o-schimbare-1024x578.jpg 1024w\" sizes=\"(max-width: 300px) 100vw, 300px\" \/><\/a><a title=\"Vreau o schimbare\" href=\"https:\/\/video.elearning.ubbcluj.ro\/?page_id=1660\">\u00a0 Vreau o schimbare<\/a><\/li>\n<\/ul>\n<ul>\n<li><a title=\"Fata, \u00eent\u00e2lnirea, florile, filmul!\" href=\"https:\/\/video.elearning.ubbcluj.ro\/?page_id=1663\"><img decoding=\"async\" class=\"alignnone size-medium wp-image-2191\" src=\"https:\/\/video.elearning.ubbcluj.ro\/wp-content\/uploads\/2016\/07\/Fata-intalnirea-florile-filmul-300x168.jpg\" alt=\"\" width=\"300\" height=\"168\" srcset=\"https:\/\/video.elearning.ubbcluj.ro\/wp-content\/uploads\/2016\/07\/Fata-intalnirea-florile-filmul-300x168.jpg 300w, https:\/\/video.elearning.ubbcluj.ro\/wp-content\/uploads\/2016\/07\/Fata-intalnirea-florile-filmul-1024x576.jpg 1024w\" sizes=\"(max-width: 300px) 100vw, 300px\" \/><\/a><a title=\"Fata, \u00eent\u00e2lnirea, florile, filmul!\" href=\"https:\/\/video.elearning.ubbcluj.ro\/?page_id=1663\">\u00a0 Fata, \u00eent\u00e2lnirea, florile, filmul!<\/a><\/li>\n<\/ul>\n<p>PROFESII<\/p>\n<ul>\n<li><a title=\"Voi fi fotograf profesionist\" href=\"https:\/\/video.elearning.ubbcluj.ro\/?page_id=1636\"><img decoding=\"async\" class=\"alignnone size-medium wp-image-2200\" src=\"https:\/\/video.elearning.ubbcluj.ro\/wp-content\/uploads\/2016\/07\/Voi-fi-fotograf-profesionist-300x168.jpg\" alt=\"\" width=\"300\" height=\"168\" srcset=\"https:\/\/video.elearning.ubbcluj.ro\/wp-content\/uploads\/2016\/07\/Voi-fi-fotograf-profesionist-300x168.jpg 300w, https:\/\/video.elearning.ubbcluj.ro\/wp-content\/uploads\/2016\/07\/Voi-fi-fotograf-profesionist-1024x574.jpg 1024w\" sizes=\"(max-width: 300px) 100vw, 300px\" \/><\/a><a title=\"Voi fi fotograf profesionist\" href=\"https:\/\/video.elearning.ubbcluj.ro\/?page_id=1636\">\u00a0 Voi fi fotograf profesionist<\/a><\/li>\n<\/ul>\n<ul>\n<li><a title=\"Profesia mea\" href=\"https:\/\/video.elearning.ubbcluj.ro\/?page_id=1639\"><img decoding=\"async\" class=\"alignnone size-medium wp-image-2196\" src=\"https:\/\/video.elearning.ubbcluj.ro\/wp-content\/uploads\/2016\/07\/Profesia-mea-300x168.jpg\" alt=\"\" width=\"300\" height=\"168\" srcset=\"https:\/\/video.elearning.ubbcluj.ro\/wp-content\/uploads\/2016\/07\/Profesia-mea-300x168.jpg 300w, https:\/\/video.elearning.ubbcluj.ro\/wp-content\/uploads\/2016\/07\/Profesia-mea-1024x574.jpg 1024w\" sizes=\"(max-width: 300px) 100vw, 300px\" \/><\/a><a title=\"Profesia mea\" href=\"https:\/\/video.elearning.ubbcluj.ro\/?page_id=1639\">\u00a0 Profesia mea<\/a><\/li>\n<\/ul>\n<p>RELA\u021aII SOCIALE<\/p>\n<ul>\n<li><a title=\"N-am nimic, dar\u2026\" href=\"https:\/\/video.elearning.ubbcluj.ro\/?page_id=1680\"><img decoding=\"async\" class=\"alignnone size-medium wp-image-2194\" src=\"https:\/\/video.elearning.ubbcluj.ro\/wp-content\/uploads\/2016\/07\/N-am-nimic-dar...-300x168.jpg\" alt=\"\" width=\"300\" height=\"168\" srcset=\"https:\/\/video.elearning.ubbcluj.ro\/wp-content\/uploads\/2016\/07\/N-am-nimic-dar...-300x168.jpg 300w, https:\/\/video.elearning.ubbcluj.ro\/wp-content\/uploads\/2016\/07\/N-am-nimic-dar...-1024x576.jpg 1024w\" sizes=\"(max-width: 300px) 100vw, 300px\" \/><\/a><a title=\"N-am nimic, dar\u2026\" href=\"https:\/\/video.elearning.ubbcluj.ro\/?page_id=1680\">\u00a0 N-am nimic, dar&#8230;<\/a><\/li>\n<\/ul>\n<ul>\n<li><a title=\"Nu pot ma spal pe cap A2 EVRO\" href=\"https:\/\/video.elearning.ubbcluj.ro\/?page_id=2568\"><img decoding=\"async\" class=\"alignnone size-medium wp-image-2571\" src=\"https:\/\/video.elearning.ubbcluj.ro\/wp-content\/uploads\/2016\/07\/Nu-pot-ma-spal-pe-cap-300x169.jpg\" alt=\"\" width=\"300\" height=\"169\" srcset=\"https:\/\/video.elearning.ubbcluj.ro\/wp-content\/uploads\/2016\/07\/Nu-pot-ma-spal-pe-cap-300x169.jpg 300w, https:\/\/video.elearning.ubbcluj.ro\/wp-content\/uploads\/2016\/07\/Nu-pot-ma-spal-pe-cap-1024x577.jpg 1024w\" sizes=\"(max-width: 300px) 100vw, 300px\" \/><\/a>\u00a0\u00a0<a title=\"Nu pot ma spal pe cap A2 EVRO\" href=\"https:\/\/video.elearning.ubbcluj.ro\/?page_id=2568\">Nu pot ma spal pe cap<\/a><\/li>\n<\/ul>\n<p>S\u01cdN\u01cdTATE<\/p>\n<ul>\n<li><a title=\"Corpul uman\" href=\"https:\/\/video.elearning.ubbcluj.ro\/?page_id=1631\"><img decoding=\"async\" class=\"alignnone size-medium wp-image-2189\" src=\"https:\/\/video.elearning.ubbcluj.ro\/wp-content\/uploads\/2016\/07\/Corpul-uman-300x168.jpg\" alt=\"\" width=\"300\" height=\"168\" srcset=\"https:\/\/video.elearning.ubbcluj.ro\/wp-content\/uploads\/2016\/07\/Corpul-uman-300x168.jpg 300w, https:\/\/video.elearning.ubbcluj.ro\/wp-content\/uploads\/2016\/07\/Corpul-uman-1024x574.jpg 1024w\" sizes=\"(max-width: 300px) 100vw, 300px\" \/><\/a><a title=\"Corpul uman\" href=\"https:\/\/video.elearning.ubbcluj.ro\/?page_id=1631\">\u00a0 Corpul uman<\/a><\/li>\n<\/ul>\n<ul>\n<li><a title=\"Arici cu lipici \u0219i teama de medici\" href=\"https:\/\/video.elearning.ubbcluj.ro\/?page_id=1648\"><img decoding=\"async\" class=\"alignnone size-medium wp-image-2185\" src=\"https:\/\/video.elearning.ubbcluj.ro\/wp-content\/uploads\/2016\/07\/Arici-cu-lipici-si-teama-de-medici-300x168.jpg\" alt=\"\" width=\"300\" height=\"168\" srcset=\"https:\/\/video.elearning.ubbcluj.ro\/wp-content\/uploads\/2016\/07\/Arici-cu-lipici-si-teama-de-medici-300x168.jpg 300w, https:\/\/video.elearning.ubbcluj.ro\/wp-content\/uploads\/2016\/07\/Arici-cu-lipici-si-teama-de-medici-1024x575.jpg 1024w\" sizes=\"(max-width: 300px) 100vw, 300px\" \/><\/a><a title=\"Arici cu lipici \u0219i teama de medici\" href=\"https:\/\/video.elearning.ubbcluj.ro\/?page_id=1648\">\u00a0 Arici cu lipici <em>\u0219<\/em>i teama de medici<\/a><\/li>\n<\/ul>\n<p>\u0218COALA<\/p>\n<ul>\n<li><a title=\"Teme cu probleme\" href=\"https:\/\/video.elearning.ubbcluj.ro\/?page_id=1677\"><img decoding=\"async\" class=\"alignnone size-medium wp-image-2197\" src=\"https:\/\/video.elearning.ubbcluj.ro\/wp-content\/uploads\/2016\/07\/Teme-cu-probleme-300x168.jpg\" alt=\"\" width=\"300\" height=\"168\" srcset=\"https:\/\/video.elearning.ubbcluj.ro\/wp-content\/uploads\/2016\/07\/Teme-cu-probleme-300x168.jpg 300w, https:\/\/video.elearning.ubbcluj.ro\/wp-content\/uploads\/2016\/07\/Teme-cu-probleme-1024x575.jpg 1024w\" sizes=\"(max-width: 300px) 100vw, 300px\" \/><\/a><a title=\"Teme cu probleme\" href=\"https:\/\/video.elearning.ubbcluj.ro\/?page_id=1677\">\u00a0 Teme cu probleme<\/a><\/li>\n<\/ul>\n<p>TIMP LIBER<\/p>\n<ul>\n<li><a title=\"Zilele ora\u0219ului\" href=\"https:\/\/video.elearning.ubbcluj.ro\/?page_id=1654\"><img decoding=\"async\" class=\"alignnone size-medium wp-image-2202\" src=\"https:\/\/video.elearning.ubbcluj.ro\/wp-content\/uploads\/2016\/07\/Zilele-orasului-300x168.jpg\" alt=\"\" width=\"300\" height=\"168\" srcset=\"https:\/\/video.elearning.ubbcluj.ro\/wp-content\/uploads\/2016\/07\/Zilele-orasului-300x168.jpg 300w, https:\/\/video.elearning.ubbcluj.ro\/wp-content\/uploads\/2016\/07\/Zilele-orasului-1024x575.jpg 1024w\" sizes=\"(max-width: 300px) 100vw, 300px\" \/><\/a><a title=\"Zilele ora\u0219ului\" href=\"https:\/\/video.elearning.ubbcluj.ro\/?page_id=1654\">\u00a0 Zilele ora<em>\u0219<\/em>ului<\/a><\/li>\n<\/ul>\n<p>VACAN\u021aE-C\u01cdL\u01cdTORII<\/p>\n<ul>\n<li><a href=\"https:\/\/video.elearning.ubbcluj.ro\/wp-content\/uploads\/2016\/07\/Calatorie-pe...harta-romaniei.jpg\"><img decoding=\"async\" class=\"alignnone size-medium wp-image-2187\" src=\"https:\/\/video.elearning.ubbcluj.ro\/wp-content\/uploads\/2016\/07\/Calatorie-pe...harta-romaniei-300x168.jpg\" alt=\"\" width=\"300\" height=\"168\" srcset=\"https:\/\/video.elearning.ubbcluj.ro\/wp-content\/uploads\/2016\/07\/Calatorie-pe...harta-romaniei-300x168.jpg 300w, https:\/\/video.elearning.ubbcluj.ro\/wp-content\/uploads\/2016\/07\/Calatorie-pe...harta-romaniei-1024x575.jpg 1024w\" sizes=\"(max-width: 300px) 100vw, 300px\" \/><\/a><a title=\"C\u0103l\u0103torie pe\u2026 harta Rom\u00e2niei!\" href=\"https:\/\/video.elearning.ubbcluj.ro\/?page_id=1668\">\u00a0 C\u0103l\u0103torie pe&#8230; harta Rom\u00e2niei!<\/a><\/li>\n<\/ul>\n<ul>\n<li><a title=\"O scurt\u0103 vacan\u021b\u0103\u2026 la birou\" href=\"https:\/\/video.elearning.ubbcluj.ro\/?page_id=1671\"><img decoding=\"async\" class=\"alignnone size-medium wp-image-2195\" src=\"https:\/\/video.elearning.ubbcluj.ro\/wp-content\/uploads\/2016\/07\/O-scurta-vacanta-...la-birou-300x168.jpg\" alt=\"\" width=\"300\" height=\"168\" srcset=\"https:\/\/video.elearning.ubbcluj.ro\/wp-content\/uploads\/2016\/07\/O-scurta-vacanta-...la-birou-300x168.jpg 300w, https:\/\/video.elearning.ubbcluj.ro\/wp-content\/uploads\/2016\/07\/O-scurta-vacanta-...la-birou-1024x576.jpg 1024w\" sizes=\"(max-width: 300px) 100vw, 300px\" \/><\/a><a title=\"O scurt\u0103 vacan\u021b\u0103\u2026 la birou\" href=\"https:\/\/video.elearning.ubbcluj.ro\/?page_id=1671\">\u00a0 O scurt\u0103 vacan\u021b\u0103&#8230; la birou<\/a><\/li>\n<\/ul>\n<ul>\n<li><a title=\"Vacan\u021b\u0103 la pre\u021b redus\" href=\"https:\/\/video.elearning.ubbcluj.ro\/?page_id=1674\"><img decoding=\"async\" class=\"alignnone size-medium wp-image-2198\" src=\"https:\/\/video.elearning.ubbcluj.ro\/wp-content\/uploads\/2016\/07\/Vacanta-la-pret-redus-300x168.jpg\" alt=\"\" width=\"300\" height=\"168\" srcset=\"https:\/\/video.elearning.ubbcluj.ro\/wp-content\/uploads\/2016\/07\/Vacanta-la-pret-redus-300x168.jpg 300w, https:\/\/video.elearning.ubbcluj.ro\/wp-content\/uploads\/2016\/07\/Vacanta-la-pret-redus-1024x576.jpg 1024w\" sizes=\"(max-width: 300px) 100vw, 300px\" \/><\/a><a title=\"Vacan\u021b\u0103 la pre\u021b redus\" href=\"https:\/\/video.elearning.ubbcluj.ro\/?page_id=1674\">\u00a0 Vacan\u021b\u0103 la pre\u021b redus<\/a><\/li>\n<\/ul>\n<p>&nbsp;<\/p>\n","protected":false},"excerpt":{"rendered":"<p>Stima\u021bi profesori, Dragi elevi, &nbsp; Materialele audio-video puse la dispozi\u021bia [&hellip;]<\/p>\n","protected":false},"author":4,"featured_media":0,"parent":0,"menu_order":0,"comment_status":"open","ping_status":"open","template":"","meta":{"__cvm_playback_settings":[],"__cvm_video_id":"","footnotes":""},"_links":{"self":[{"href":"https:\/\/video.elearning.ubbcluj.ro\/index.php?rest_route=\/wp\/v2\/pages\/1627"}],"collection":[{"href":"https:\/\/video.elearning.ubbcluj.ro\/index.php?rest_route=\/wp\/v2\/pages"}],"about":[{"href":"https:\/\/video.elearning.ubbcluj.ro\/index.php?rest_route=\/wp\/v2\/types\/page"}],"author":[{"embeddable":true,"href":"https:\/\/video.elearning.ubbcluj.ro\/index.php?rest_route=\/wp\/v2\/users\/4"}],"replies":[{"embeddable":true,"href":"https:\/\/video.elearning.ubbcluj.ro\/index.php?rest_route=%2Fwp%2Fv2%2Fcomments&post=1627"}],"version-history":[{"count":17,"href":"https:\/\/video.elearning.ubbcluj.ro\/index.php?rest_route=\/wp\/v2\/pages\/1627\/revisions"}],"predecessor-version":[{"id":2572,"href":"https:\/\/video.elearning.ubbcluj.ro\/index.php?rest_route=\/wp\/v2\/pages\/1627\/revisions\/2572"}],"wp:attachment":[{"href":"https:\/\/video.elearning.ubbcluj.ro\/index.php?rest_route=%2Fwp%2Fv2%2Fmedia&parent=1627"}],"curies":[{"name":"wp","href":"https:\/\/api.w.org\/{rel}","templated":true}]}}